{"id":28,"date":"2022-02-26T11:43:36","date_gmt":"2022-02-26T11:43:36","guid":{"rendered":"http:\/\/www.seinajarvi.fi\/?page_id=28"},"modified":"2025-03-31T13:29:51","modified_gmt":"2025-03-31T13:29:51","slug":"etusivu","status":"publish","type":"page","link":"https:\/\/www.seinajarvi.fi\/","title":{"rendered":""},"content":{"rendered":"\n<figure class=\"wp-block-image aligncenter size-full is-resized\"><img loading=\"lazy\" decoding=\"async\" width=\"662\" height=\"714\" src=\"https:\/\/www.seinajarvi.fi\/wp-content\/uploads\/2022\/02\/SEKYLOGO-1.jpg\" alt=\"\" class=\"wp-image-29\" style=\"width:160px;height:auto\" srcset=\"https:\/\/www.seinajarvi.fi\/wp-content\/uploads\/2022\/02\/SEKYLOGO-1.jpg 662w, https:\/\/www.seinajarvi.fi\/wp-content\/uploads\/2022\/02\/SEKYLOGO-1-278x300.jpg 278w\" sizes=\"auto, (max-width: 662px) 100vw, 662px\" \/><\/figure>\n\n\n\n<p><strong>Tervetuloa! Sivut rakentuvat pikkuhiljaa.<\/strong><\/p>\n\n\n\n<p>T\u00e4ss\u00e4 nostalginen <a href=\"https:\/\/youtu.be\/nQNHoNbGavY\" data-type=\"link\" data-id=\"https:\/\/youtu.be\/nQNHoNbGavY\">kyl\u00e4video vuodelta 1997<\/a> &#8211; tekij\u00f6in\u00e4 Pauli Soukkala ja Merja Pahkasalo &#8211; kopioitu heid\u00e4n luvallaan, eth\u00e4n jaa ilman lupaa. Kuvan ja \u00e4\u00e4nen laatu ajankohtaan sopiva.  YouTube videon pituus 1h10min.<\/p>\n\n\n\n<p> <a href=\"https:\/\/www.youtube.com\/watch?v=fuqK5a1eVRg\" data-type=\"URL\" data-id=\"https:\/\/www.youtube.com\/watch?v=fuqK5a1eVRg\">Esittelyvideo<\/a> &#8211; Sein\u00e4j\u00e4rvi: Kyl\u00e4 keskeisell\u00e4 paikalla &#8211; yht\u00e4 kaukana kaikesta &#8211; kuvaus Mikko Soukkala kes\u00e4 2020<\/p>\n\n\n\n<p>Kyl\u00e4talolla vuonna 2010 kuvattu <a href=\"https:\/\/yle.fi\/aihe\/artikkeli\/2013\/08\/08\/suomen-pienin-lukio\" data-type=\"URL\" data-id=\"https:\/\/yle.fi\/aihe\/artikkeli\/2013\/08\/08\/suomen-pienin-lukio\">Suomen pienin lukio<\/a> &#8211; ainut oppilas Jari-Pekka ja h\u00e4nen opettajansa opiskelevat yhdess\u00e4 el\u00e4m\u00e4\u00e4. Jutut ovat sketsej\u00e4.  Kuvaus Mikko Soukkala<\/p>\n\n\n\n<figure class=\"wp-block-image aligncenter size-full is-resized\"><img loading=\"lazy\" decoding=\"async\" width=\"910\" height=\"607\" src=\"https:\/\/www.seinajarvi.fi\/wp-content\/uploads\/2024\/07\/kylatalo-nyt.jpg\" alt=\"\" class=\"wp-image-554\" style=\"width:517px;height:auto\" srcset=\"https:\/\/www.seinajarvi.fi\/wp-content\/uploads\/2024\/07\/kylatalo-nyt.jpg 910w, https:\/\/www.seinajarvi.fi\/wp-content\/uploads\/2024\/07\/kylatalo-nyt-300x200.jpg 300w, https:\/\/www.seinajarvi.fi\/wp-content\/uploads\/2024\/07\/kylatalo-nyt-768x512.jpg 768w\" sizes=\"auto, (max-width: 910px) 100vw, 910px\" \/><figcaption class=\"wp-element-caption\">Kuva Paavo Matintupa 2024<\/figcaption><\/figure>\n\n\n\n<p>Kyl\u00e4talon osoite: Sulkavankyl\u00e4ntie 1268, 63355 SEIN\u00c4J\u00c4RVI<\/p>\n\n\n\n<p>Kyl\u00e4talon oven avainkoodin saa soittamalla 0nelj\u00e40 4175480 tai watsapp (Juho Soukkala) tai kenelle tahansa hallituksen j\u00e4senille, ks. yhteystiedot<\/p>\n\n\n\n<p>Sein\u00e4j\u00e4rven kyl\u00e4yhdistys SEKY ry <a href=\"https:\/\/drive.google.com\/file\/d\/1Nqb2fvFCR7cTDFoIcmLwgP-SY3oYOWuB\/view?usp=sharing\" data-type=\"link\" data-id=\"https:\/\/drive.google.com\/file\/d\/1Nqb2fvFCR7cTDFoIcmLwgP-SY3oYOWuB\/view?usp=sharing\">s\u00e4\u00e4nn\u00f6t<\/a> &#8211; vahvistettu 16.5.2024<\/p>\n\n\n\n<figure class=\"wp-block-image aligncenter size-full is-resized\"><img loading=\"lazy\" decoding=\"async\" width=\"662\" height=\"714\" src=\"https:\/\/www.seinajarvi.fi\/wp-content\/uploads\/2022\/02\/SEKYLOGO-1.jpg\" alt=\"\" class=\"wp-image-29\" style=\"width:247px;height:auto\" srcset=\"https:\/\/www.seinajarvi.fi\/wp-content\/uploads\/2022\/02\/SEKYLOGO-1.jpg 662w, https:\/\/www.seinajarvi.fi\/wp-content\/uploads\/2022\/02\/SEKYLOGO-1-278x300.jpg 278w\" sizes=\"auto, (max-width: 662px) 100vw, 662px\" \/><figcaption class=\"wp-element-caption\">Logo by Esko Kujala<\/figcaption><\/figure>\n","protected":false},"excerpt":{"rendered":"<p>Tervetuloa! Sivut rakentuvat pikkuhiljaa. T\u00e4ss\u00e4 nostalginen kyl\u00e4video vuodelta 1997 &#8211; tekij\u00f6in\u00e4 Pauli Soukkala ja Merja Pahkasalo &#8211; kopioitu heid\u00e4n luvallaan, eth\u00e4n jaa ilman lupaa. Kuvan ja \u00e4\u00e4nen laatu ajankohtaan sopiva. YouTube videon pituus 1h10min. Esittelyvideo &#8211; Sein\u00e4j\u00e4rvi: Kyl\u00e4 keskeisell\u00e4 paikalla &#8211; yht\u00e4 kaukana kaikesta &#8211; kuvaus Mikko Soukkala kes\u00e4 2020 Kyl\u00e4talolla vuonna 2010 kuvattu Suomen [&hellip;]<\/p>\n","protected":false},"author":1,"featured_media":0,"parent":0,"menu_order":0,"comment_status":"closed","ping_status":"closed","template":"","meta":{"site-sidebar-layout":"default","site-content-layout":"","ast-site-content-layout":"default","site-content-style":"default","site-sidebar-style":"default","ast-global-header-display":"","ast-banner-title-visibility":"","ast-main-header-display":"","ast-hfb-above-header-display":"","ast-hfb-below-header-display":"","ast-hfb-mobile-header-display":"","site-post-title":"","ast-breadcrumbs-content":"","ast-featured-img":"","footer-sml-layout":"","ast-disable-related-posts":"","theme-transparent-header-meta":"","adv-header-id-meta":"","stick-header-meta":"","header-above-stick-meta":"","header-main-stick-meta":"","header-below-stick-meta":"","astra-migrate-meta-layouts":"set","ast-page-background-enabled":"default","ast-page-background-meta":{"desktop":{"background-color":"var(--ast-global-color-4)","background-image":"","background-repeat":"repeat","background-position":"center center","background-size":"auto","background-attachment":"scroll","background-type":"","background-media":"","overlay-type":"","overlay-color":"","overlay-opacity":"","overlay-gradient":""},"tablet":{"background-color":"","background-image":"","background-repeat":"repeat","background-position":"center center","background-size":"auto","background-attachment":"scroll","background-type":"","background-media":"","overlay-type":"","overlay-color":"","overlay-opacity":"","overlay-gradient":""},"mobile":{"background-color":"","background-image":"","background-repeat":"repeat","background-position":"center center","background-size":"auto","background-attachment":"scroll","background-type":"","background-media":"","overlay-type":"","overlay-color":"","overlay-opacity":"","overlay-gradient":""}},"ast-content-background-meta":{"desktop":{"background-color":"var(--ast-global-color-5)","background-image":"","background-repeat":"repeat","background-position":"center center","background-size":"auto","background-attachment":"scroll","background-type":"","background-media":"","overlay-type":"","overlay-color":"","overlay-opacity":"","overlay-gradient":""},"tablet":{"background-color":"var(--ast-global-color-5)","background-image":"","background-repeat":"repeat","background-position":"center center","background-size":"auto","background-attachment":"scroll","background-type":"","background-media":"","overlay-type":"","overlay-color":"","overlay-opacity":"","overlay-gradient":""},"mobile":{"background-color":"var(--ast-global-color-5)","background-image":"","background-repeat":"repeat","background-position":"center center","background-size":"auto","background-attachment":"scroll","background-type":"","background-media":"","overlay-type":"","overlay-color":"","overlay-opacity":"","overlay-gradient":""}},"footnotes":""},"class_list":["post-28","page","type-page","status-publish","hentry"],"_links":{"self":[{"href":"https:\/\/www.seinajarvi.fi\/index.php\/wp-json\/wp\/v2\/pages\/28","targetHints":{"allow":["GET"]}}],"collection":[{"href":"https:\/\/www.seinajarvi.fi\/index.php\/wp-json\/wp\/v2\/pages"}],"about":[{"href":"https:\/\/www.seinajarvi.fi\/index.php\/wp-json\/wp\/v2\/types\/page"}],"author":[{"embeddable":true,"href":"https:\/\/www.seinajarvi.fi\/index.php\/wp-json\/wp\/v2\/users\/1"}],"replies":[{"embeddable":true,"href":"https:\/\/www.seinajarvi.fi\/index.php\/wp-json\/wp\/v2\/comments?post=28"}],"version-history":[{"count":30,"href":"https:\/\/www.seinajarvi.fi\/index.php\/wp-json\/wp\/v2\/pages\/28\/revisions"}],"predecessor-version":[{"id":806,"href":"https:\/\/www.seinajarvi.fi\/index.php\/wp-json\/wp\/v2\/pages\/28\/revisions\/806"}],"wp:attachment":[{"href":"https:\/\/www.seinajarvi.fi\/index.php\/wp-json\/wp\/v2\/media?parent=28"}],"curies":[{"name":"wp","href":"https:\/\/api.w.org\/{rel}","templated":true}]}}