{"id":215,"date":"2023-02-08T15:05:17","date_gmt":"2023-02-08T15:05:17","guid":{"rendered":"https:\/\/www.seinajarvi.fi\/?page_id=215"},"modified":"2024-11-18T12:21:32","modified_gmt":"2024-11-18T12:21:32","slug":"vanhoja-valokuvia-ennenwanha","status":"publish","type":"page","link":"https:\/\/www.seinajarvi.fi\/index.php\/vanhoja-valokuvia-ennenwanha\/","title":{"rendered":"Vanhoja valokuvia \/ EnnenWanha"},"content":{"rendered":"\n<p>Vanhoja mustavalkoisia valokuvia on ker\u00e4tty, suurennettu ja tulostettu A4 kokoon vuosina 1992 &#8211; 93 n. 270 kpl. Ne on nyt digitoitu &#8211; t\u00e4ss\u00e4 muutama esimerkki. Kuvia on dokumentoitu ja niit\u00e4 voi selailla sivun alareunassa olevien linkkien kautta. Saat t\u00e4ydennetty\u00e4 kuvien tietoja my\u00f6s itse napauttamalla kuvaa ja kommentoi -painikkeesta voit sanoa kuvasta tietoja.<\/p>\n\n\n\n<figure class=\"wp-block-image aligncenter size-large is-resized\"><img loading=\"lazy\" decoding=\"async\" width=\"1024\" height=\"640\" src=\"https:\/\/www.seinajarvi.fi\/wp-content\/uploads\/2024\/04\/IMG_3366-1024x640.jpg\" alt=\"\" class=\"wp-image-474\" style=\"width:442px;height:auto\" srcset=\"https:\/\/www.seinajarvi.fi\/wp-content\/uploads\/2024\/04\/IMG_3366-1024x640.jpg 1024w, https:\/\/www.seinajarvi.fi\/wp-content\/uploads\/2024\/04\/IMG_3366-300x188.jpg 300w, https:\/\/www.seinajarvi.fi\/wp-content\/uploads\/2024\/04\/IMG_3366-768x480.jpg 768w, https:\/\/www.seinajarvi.fi\/wp-content\/uploads\/2024\/04\/IMG_3366-1536x960.jpg 1536w, https:\/\/www.seinajarvi.fi\/wp-content\/uploads\/2024\/04\/IMG_3366.jpg 1600w\" sizes=\"auto, (max-width: 1024px) 100vw, 1024px\" \/><\/figure>\n\n\n\n<p class=\"has-text-align-center\">150 &#8211; K\u00e4pyl\u00e4n Maija ja Salomon &#8211; Salttu oli pumppumestari &#8211; Tupa on ollut Rantam\u00e4en ja Kujalan v\u00e4limaastossa &#8211; kuvan om. Sisko Soukkala<\/p>\n\n\n\n<figure class=\"wp-block-image aligncenter size-large is-resized\"><img loading=\"lazy\" decoding=\"async\" width=\"719\" height=\"1024\" src=\"https:\/\/www.seinajarvi.fi\/wp-content\/uploads\/2023\/04\/Fotonetti_0687_a-719x1024.jpeg\" alt=\"\" class=\"wp-image-266\" style=\"aspect-ratio:0.7013801756587202;width:331px;height:auto\" srcset=\"https:\/\/www.seinajarvi.fi\/wp-content\/uploads\/2023\/04\/Fotonetti_0687_a-719x1024.jpeg 719w, https:\/\/www.seinajarvi.fi\/wp-content\/uploads\/2023\/04\/Fotonetti_0687_a-210x300.jpeg 210w, https:\/\/www.seinajarvi.fi\/wp-content\/uploads\/2023\/04\/Fotonetti_0687_a-768x1095.jpeg 768w, https:\/\/www.seinajarvi.fi\/wp-content\/uploads\/2023\/04\/Fotonetti_0687_a-1078x1536.jpeg 1078w, https:\/\/www.seinajarvi.fi\/wp-content\/uploads\/2023\/04\/Fotonetti_0687_a.jpeg 1437w\" sizes=\"auto, (max-width: 719px) 100vw, 719px\" \/><\/figure>\n\n\n\n<p class=\"has-text-align-center\">32 &#8211; Edla Kujala, Anni Kujala (Soukkala), Martta Kotalampi (Hirsim\u00e4ki); kuvan omistaja Esko Soukkala<\/p>\n\n\n\n<figure class=\"wp-block-image aligncenter size-large is-resized\"><img loading=\"lazy\" decoding=\"async\" width=\"719\" height=\"1024\" src=\"https:\/\/www.seinajarvi.fi\/wp-content\/uploads\/2023\/04\/Fotonetti_0688_a-719x1024.jpeg\" alt=\"\" class=\"wp-image-267\" style=\"aspect-ratio:0.7028985507246377;width:302px;height:auto\" srcset=\"https:\/\/www.seinajarvi.fi\/wp-content\/uploads\/2023\/04\/Fotonetti_0688_a-719x1024.jpeg 719w, https:\/\/www.seinajarvi.fi\/wp-content\/uploads\/2023\/04\/Fotonetti_0688_a-210x300.jpeg 210w, https:\/\/www.seinajarvi.fi\/wp-content\/uploads\/2023\/04\/Fotonetti_0688_a-768x1095.jpeg 768w, https:\/\/www.seinajarvi.fi\/wp-content\/uploads\/2023\/04\/Fotonetti_0688_a-1078x1536.jpeg 1078w, https:\/\/www.seinajarvi.fi\/wp-content\/uploads\/2023\/04\/Fotonetti_0688_a.jpeg 1437w\" sizes=\"auto, (max-width: 719px) 100vw, 719px\" \/><\/figure>\n\n\n\n<p class=\"has-text-align-center\">120 &#8211; Martta ja Werner Niemel\u00e4; kuvan omistaja Esko Soukkala<\/p>\n\n\n\n<figure class=\"wp-block-image aligncenter size-full is-resized\"><img loading=\"lazy\" decoding=\"async\" width=\"861\" height=\"607\" src=\"https:\/\/www.seinajarvi.fi\/wp-content\/uploads\/2023\/11\/Ensiapukurssi-1953.jpg\" alt=\"\" class=\"wp-image-400\" style=\"aspect-ratio:1.4184514003294892;width:471px;height:auto\" srcset=\"https:\/\/www.seinajarvi.fi\/wp-content\/uploads\/2023\/11\/Ensiapukurssi-1953.jpg 861w, https:\/\/www.seinajarvi.fi\/wp-content\/uploads\/2023\/11\/Ensiapukurssi-1953-300x211.jpg 300w, https:\/\/www.seinajarvi.fi\/wp-content\/uploads\/2023\/11\/Ensiapukurssi-1953-768x541.jpg 768w\" sizes=\"auto, (max-width: 861px) 100vw, 861px\" \/><\/figure>\n\n\n\n<p>192 &#8211; Ensiapukurssi syksyll\u00e4 1953, kurssin vet\u00e4j\u00e4 sh Maija Mertalahti &#8211; eturivi vas. Elina Viita-aho s. Ylitalo, Lempi Viita-aho s. Jokela, Anna-Liisa J\u00e4rvenp\u00e4\u00e4 s. Toivola, kurssin vet\u00e4j\u00e4 Maija Mertalahti, Lyydia P\u00f6nk\u00e4 s. Per\u00e4l\u00e4, Helli Kujala s. Rantanen, Lyydia Hirviniemi s. Set\u00e4l\u00e4, Aino Rajalahti &#8211; 2. rivi alh. vas. &#8211; Senja Viitala s. Norrvik, Terttu Tusa s. Sepponen, Enni Yli- Havunen s. Hirsim\u00e4ki, Maire Rajala s. Viitala, Martta Hirsim\u00e4ki s. Kotalampi, Aino Soukkala, Auli Juppo s. Sepponen, Hilja Raiskinm\u00e4ki s. Soukkala, Aino Raiskinm\u00e4ki s. Ylimys, Martta Vuoriluoma s. Selk\u00e4maa, Irja Forss s. Norja &#8211; 3. rivi alh. vas. &#8211; Armi Pahkasalo s. Soukkala, Sisko Soukkala s. Rantam\u00e4ki, Helmi Laitila s. Penttinen, Airi \u00c4mm\u00e4l\u00e4, Pirkko Soukkala s. Pahkasalo, Irja Raiskinm\u00e4ki s. Hirviniemi, Jenny Hirsim\u00e4ki s. Rantanen, Aune Hirviniemi s. Lammin\u00e4\u00e4, Sisko Viitala s. Norrvik, Helmi Rauhala s. Tallila &#8211; yl\u00e4rivi vas. &#8211; Eira Nikula s. Hietaranta, opettaja Paula Antola, opettaja Aura Kujanp\u00e4\u00e4, Raili Hietaranta s. Soukkala, Irma Raiskinm\u00e4ki s. Soukkala, Saara Viitala s. Norrvik, Heidi Kujala s. Rantanen, Aura Rantanen, Nelly Soukkala s. Majamaa, Maria Hietikko s. Rintam\u00e4ki, Aune Rantanen s. Rantam\u00e4ki &#8211; kuvan om. Sisko Soukkala<\/p>\n\n\n\n<p>&#8212;&#8212;&#8212;&#8212;&#8212;&#8212;&#8212;&#8212;&#8212;<\/p>\n\n\n\n<p>Taulukon linkist\u00e4 p\u00e4\u00e4set selaamaan kuvia ryhmist\u00e4 Henkil\u00f6kuvat, Ty\u00f6kuvat jne. &#8211; Tietoja lis\u00e4t\u00e4\u00e4n parhaillaan &#8211; saat t\u00e4ydennetty\u00e4 kuvien tietoja my\u00f6s itse napauttamalla kuvaa ja kommentoi -painikkeesta voit sanoa kuvasta tietoja.  <\/p>\n\n\n<span id=\"tablepress-1-description\" class=\"tablepress-table-description tablepress-table-description-id-1\">Vanhat valokuvat on aikanaan teetetty A4 kokoon paperikopioiksi, jotka on digitoitu.  Kuvat on jaettu ryhmiin aiheen mukaan. Linkin kautta p\u00e4\u00e4set selaamaan kaikki ryhm\u00e4n kuvat &#8211; tiedot kuvista saat n\u00e4kyviin napauttamalla yksitt\u00e4isen kuvan n\u00e4yt\u00f6lle.  Tietoja t\u00e4ydennet\u00e4\u00e4n parhaillaan.<\/span>\n\n<table id=\"tablepress-1\" class=\"tablepress tablepress-id-1\" aria-describedby=\"tablepress-1-description\">\n<thead>\n<tr class=\"row-1\">\n\t<th class=\"column-1\">Aihe<\/th><th class=\"column-2\">Linkki<\/th><th class=\"column-3\">Lis\u00e4tietoja<\/th><td class=\"column-4\"><\/td><td class=\"column-5\"><\/td>\n<\/tr>\n<\/thead>\n<tbody class=\"row-striping row-hover\">\n<tr class=\"row-2\">\n\t<td class=\"column-1\">Henkil\u00f6kuvat<\/td><td class=\"column-2\"><a href=\"https:\/\/photos.app.goo.gl\/B7FwqKtyUBrR7eUB7\" rel=\"noopener\" target=\"_blank\">Henkil\u00f6kuvat<\/a><\/td><td class=\"column-3\"><\/td><td class=\"column-4\"><\/td><td class=\"column-5\"><\/td>\n<\/tr>\n<tr class=\"row-3\">\n\t<td class=\"column-1\">Ty\u00f6kuvat<\/td><td class=\"column-2\"><a href=\"https:\/\/photos.app.goo.gl\/Yr1EfYVDDymmtQf29\" rel=\"noopener\" target=\"_blank\">Ty\u00f6kuvat<\/a><\/td><td class=\"column-3\"><\/td><td class=\"column-4\"><\/td><td class=\"column-5\"><\/td>\n<\/tr>\n<tr class=\"row-4\">\n\t<td class=\"column-1\">Koulukuvat<\/td><td class=\"column-2\"><a href=\"https:\/\/photos.app.goo.gl\/AY8dSN62BJ2gNtk37\" rel=\"noopener\" target=\"_blank\">Koulukuvat<\/a><\/td><td class=\"column-3\"><\/td><td class=\"column-4\"><\/td><td class=\"column-5\"><\/td>\n<\/tr>\n<tr class=\"row-5\">\n\t<td class=\"column-1\">Ryhm\u00e4kuvat<\/td><td class=\"column-2\"><a href=\"https:\/\/photos.app.goo.gl\/YNq26LgQyiSaq99Q7\" rel=\"noopener\" target=\"_blank\">Ryhm\u00e4kuvat<\/a><\/td><td class=\"column-3\"><\/td><td class=\"column-4\"><\/td><td class=\"column-5\"><\/td>\n<\/tr>\n<tr class=\"row-6\">\n\t<td class=\"column-1\">H\u00e4\u00e4kuvat<\/td><td class=\"column-2\"><a href=\"https:\/\/photos.app.goo.gl\/Vxfjg1NTjCJ7wVq56\" rel=\"noopener\" target=\"_blank\">H\u00e4\u00e4kuvat<\/a><\/td><td class=\"column-3\"><\/td><td class=\"column-4\"><\/td><td class=\"column-5\"><\/td>\n<\/tr>\n<tr class=\"row-7\">\n\t<td class=\"column-1\">\u00c4itienp\u00e4iv\u00e4kuvat<\/td><td class=\"column-2\"><a href=\"https:\/\/photos.app.goo.gl\/YyALXxcj6Ms49vnx6\" rel=\"noopener\" target=\"_blank\">\u00c4itienp\u00e4iv\u00e4kuvat<\/a><\/td><td class=\"column-3\"><\/td><td class=\"column-4\"><\/td><td class=\"column-5\"><\/td>\n<\/tr>\n<tr class=\"row-8\">\n\t<td class=\"column-1\">Rakennukset<\/td><td class=\"column-2\"><a href=\"https:\/\/photos.app.goo.gl\/P64yjdnhRTDicXfK6\" rel=\"noopener\" target=\"_blank\">Rakennukset<\/a><\/td><td class=\"column-3\"><\/td><td class=\"column-4\"><\/td><td class=\"column-5\"><\/td>\n<\/tr>\n<tr class=\"row-9\">\n\t<td class=\"column-1\">Perhekuvat<\/td><td class=\"column-2\"><a href=\"https:\/\/photos.app.goo.gl\/2NwxGfSFuwbYkkna9\" rel=\"noopener\" target=\"_blank\">Perhekuvat<\/a><\/td><td class=\"column-3\"><\/td><td class=\"column-4\"><\/td><td class=\"column-5\"><\/td>\n<\/tr>\n<tr class=\"row-10\">\n\t<td class=\"column-1\">K\u00f6kk\u00e4kuvat<\/td><td class=\"column-2\"><a href=\"https:\/\/photos.app.goo.gl\/avSYfLbdHhvmsGz18\" rel=\"noopener\" target=\"_blank\">K\u00f6kk\u00e4kuvat<\/a><\/td><td class=\"column-3\"><\/td><td class=\"column-4\"><\/td><td class=\"column-5\"><\/td>\n<\/tr>\n<tr class=\"row-11\">\n\t<td class=\"column-1\">Harrastukset<\/td><td class=\"column-2\"><a href=\"https:\/\/photos.app.goo.gl\/VhFYiXwMqXpsTwNY8\" rel=\"noopener\" target=\"_blank\">Harrastukset<\/a><\/td><td class=\"column-3\"><\/td><td class=\"column-4\"><\/td><td class=\"column-5\"><\/td>\n<\/tr>\n<tr class=\"row-12\">\n\t<td class=\"column-1\">Armeija \/ sota<\/td><td class=\"column-2\"><a href=\"https:\/\/photos.app.goo.gl\/ihE9okM6UWNSneba9\" rel=\"noopener\" target=\"_blank\">Armeija \/ sota<\/a><\/td><td class=\"column-3\"><\/td><td class=\"column-4\"><\/td><td class=\"column-5\"><\/td>\n<\/tr>\n<\/tbody>\n<\/table>\n<!-- #tablepress-1 from cache -->","protected":false},"excerpt":{"rendered":"<p>Vanhoja mustavalkoisia valokuvia on ker\u00e4tty, suurennettu ja tulostettu A4 kokoon vuosina 1992 &#8211; 93 n. 270 kpl. Ne on nyt digitoitu &#8211; t\u00e4ss\u00e4 muutama esimerkki. Kuvia on dokumentoitu ja niit\u00e4 voi selailla sivun alareunassa olevien linkkien kautta. Saat t\u00e4ydennetty\u00e4 kuvien tietoja my\u00f6s itse napauttamalla kuvaa ja kommentoi -painikkeesta voit sanoa kuvasta tietoja. 150 &#8211; K\u00e4pyl\u00e4n [&hellip;]<\/p>\n","protected":false},"author":1,"featured_media":0,"parent":0,"menu_order":0,"comment_status":"closed","ping_status":"closed","template":"","meta":{"site-sidebar-layout":"default","site-content-layout":"","ast-site-content-layout":"default","site-content-style":"default","site-sidebar-style":"default","ast-global-header-display":"","ast-banner-title-visibility":"","ast-main-header-display":"","ast-hfb-above-header-display":"","ast-hfb-below-header-display":"","ast-hfb-mobile-header-display":"","site-post-title":"","ast-breadcrumbs-content":"","ast-featured-img":"","footer-sml-layout":"","ast-disable-related-posts":"","theme-transparent-header-meta":"","adv-header-id-meta":"","stick-header-meta":"","header-above-stick-meta":"","header-main-stick-meta":"","header-below-stick-meta":"","astra-migrate-meta-layouts":"set","ast-page-background-enabled":"default","ast-page-background-meta":{"desktop":{"background-color":"var(--ast-global-color-4)","background-image":"","background-repeat":"repeat","background-position":"center center","background-size":"auto","background-attachment":"scroll","background-type":"","background-media":"","overlay-type":"","overlay-color":"","overlay-opacity":"","overlay-gradient":""},"tablet":{"background-color":"","background-image":"","background-repeat":"repeat","background-position":"center center","background-size":"auto","background-attachment":"scroll","background-type":"","background-media":"","overlay-type":"","overlay-color":"","overlay-opacity":"","overlay-gradient":""},"mobile":{"background-color":"","background-image":"","background-repeat":"repeat","background-position":"center center","background-size":"auto","background-attachment":"scroll","background-type":"","background-media":"","overlay-type":"","overlay-color":"","overlay-opacity":"","overlay-gradient":""}},"ast-content-background-meta":{"desktop":{"background-color":"var(--ast-global-color-5)","background-image":"","background-repeat":"repeat","background-position":"center center","background-size":"auto","background-attachment":"scroll","background-type":"","background-media":"","overlay-type":"","overlay-color":"","overlay-opacity":"","overlay-gradient":""},"tablet":{"background-color":"var(--ast-global-color-5)","background-image":"","background-repeat":"repeat","background-position":"center center","background-size":"auto","background-attachment":"scroll","background-type":"","background-media":"","overlay-type":"","overlay-color":"","overlay-opacity":"","overlay-gradient":""},"mobile":{"background-color":"var(--ast-global-color-5)","background-image":"","background-repeat":"repeat","background-position":"center center","background-size":"auto","background-attachment":"scroll","background-type":"","background-media":"","overlay-type":"","overlay-color":"","overlay-opacity":"","overlay-gradient":""}},"footnotes":""},"class_list":["post-215","page","type-page","status-publish","hentry"],"_links":{"self":[{"href":"https:\/\/www.seinajarvi.fi\/index.php\/wp-json\/wp\/v2\/pages\/215","targetHints":{"allow":["GET"]}}],"collection":[{"href":"https:\/\/www.seinajarvi.fi\/index.php\/wp-json\/wp\/v2\/pages"}],"about":[{"href":"https:\/\/www.seinajarvi.fi\/index.php\/wp-json\/wp\/v2\/types\/page"}],"author":[{"embeddable":true,"href":"https:\/\/www.seinajarvi.fi\/index.php\/wp-json\/wp\/v2\/users\/1"}],"replies":[{"embeddable":true,"href":"https:\/\/www.seinajarvi.fi\/index.php\/wp-json\/wp\/v2\/comments?post=215"}],"version-history":[{"count":32,"href":"https:\/\/www.seinajarvi.fi\/index.php\/wp-json\/wp\/v2\/pages\/215\/revisions"}],"predecessor-version":[{"id":690,"href":"https:\/\/www.seinajarvi.fi\/index.php\/wp-json\/wp\/v2\/pages\/215\/revisions\/690"}],"wp:attachment":[{"href":"https:\/\/www.seinajarvi.fi\/index.php\/wp-json\/wp\/v2\/media?parent=215"}],"curies":[{"name":"wp","href":"https:\/\/api.w.org\/{rel}","templated":true}]}}