{"id":162,"date":"2022-07-10T10:45:25","date_gmt":"2022-07-10T10:45:25","guid":{"rendered":"https:\/\/www.seinajarvi.fi\/?page_id=162"},"modified":"2025-04-13T16:02:38","modified_gmt":"2025-04-13T16:02:38","slug":"hinnasto","status":"publish","type":"page","link":"https:\/\/www.seinajarvi.fi\/index.php\/hinnasto\/","title":{"rendered":"Hinnasto"},"content":{"rendered":"\n<p>SEIN\u00c4J\u00c4RVEN KYL\u00c4YHDISTYS<\/p>\n\n\n\n<figure class=\"wp-block-table\"><table><tbody><tr><td><strong>HINNASTO 2025<\/strong><\/td><td><strong>KYL\u00c4 \u20ac<\/strong><\/td><td><strong>VIERAS \u20ac<\/strong><\/td><\/tr><tr><td>&nbsp;<\/td><td>&nbsp;<\/td><td>&nbsp;<\/td><\/tr><tr><td>Kahvikalusto<\/td><td>10<\/td><td>20<\/td><\/tr><tr><td>Kahvikalusto + kahvinkeitin<\/td><td>15<\/td><td>25<\/td><\/tr><tr><td>Ruokakalusto<\/td><td>10<\/td><td>20<\/td><\/tr><tr><td>Ruokakalusto + kahvinkeitin<\/td><td>15<\/td><td>25<\/td><\/tr><tr><td>Metos kahvinkeitin 5 litraa<\/td><td>5<\/td><td>10<\/td><\/tr><tr><td>P\u00f6yt\u00e4liinat<\/td><td>2 + pesu pesulassa<\/td><td>&nbsp;<\/td><\/tr><tr><td>P\u00f6yd\u00e4t + penkit \/ kpl<\/td><td>0,50<\/td><td>&nbsp;<\/td><\/tr><tr><td>Kaikki p\u00f6yt\u00e4 + penkit<\/td><td>10<\/td><td>&nbsp;<\/td><\/tr><tr><td>Kaikki tuolit<\/td><td>10<\/td><td>&nbsp;<\/td><\/tr><tr><td>Sirkkeli \/ p\u00e4iv\u00e4<\/td><td>5<\/td><td>&nbsp;<\/td><\/tr><tr><td>Alumiinitikkaat \/ p\u00e4iv\u00e4<\/td><td>2<\/td><td>&nbsp;<\/td><\/tr><tr><td>Grilli \/ p\u00e4iv\u00e4 (ei sis. kaasu)<\/td><td>5<\/td><td>&nbsp;<\/td><\/tr><tr><td>Dataprojektori \/ p\u00e4iv\u00e4<\/td><td>50<\/td><td>&nbsp;<\/td><\/tr><tr><td>Kopiot \/ lasertulosteet<\/td><td>0,20<\/td><td>&nbsp;<\/td><\/tr><tr><td>Kyl\u00e4talon vuokra<br>Yhdistyksen kokousmaksu\/kokous<\/td><td>80<br>50<\/td><td>100<br><\/td><\/tr><\/tbody><\/table><\/figure>\n\n\n\n<p>Yhdistyksen kokousmaksua ei perit\u00e4, jos yhdistys maksanut peruskorjausvastikkeen 200 \u20ac. Samoin j\u00e4senilt\u00e4 ei perit\u00e4 vuokraa, jos maksanut peruskorjausvastikeen 100 \u20ac (yksi tilaisuus maksutta).<\/p>\n\n\n\n<p>Kyl\u00e4talon ja kaluston varauksen \u00b4nettikalenteriin\u00b4- <a href=\"http:\/\/www.p\u00e4ivyri.fi\" data-type=\"link\" data-id=\"www.p\u00e4ivyri.fi\">p\u00e4ivyri.fi<\/a> \u2013 k\u00e4ytt\u00e4j\u00e4tunnus seinajarvi salasana seinajarvi \u2013 lis\u00e4ksi kyl\u00e4talon eteisen sein\u00e4kalenteriin p\u00e4\u00e4llekk\u00e4isyyksien v\u00e4ltt\u00e4miseksi.<\/p>\n\n\n\n<p>Kyl\u00e4talon vuokra\/yksip\u00e4iv\u00e4inen tilaisuus, sis. &nbsp;tilaisuuden valmistelup\u00e4iv\u00e4n ja \u201dpurkup\u00e4iv\u00e4n\u201d.&nbsp; Vuokra sis. kaluston, talous-, vessa- ja k\u00e4sipaperin. &nbsp;Kaikille avoimet kyl\u00e4n tilaisuudet esim. kyl\u00e4n omien yhdistysten j\u00e4rjest\u00e4mist\u00e4 tilaisuuksista mukaan lukien kinkerit, ei perit\u00e4 maksua.<\/p>\n\n\n\n<p>Kyl\u00e4hinta edellytt\u00e4\u00e4 j\u00e4senmaksun maksamista, tilisiirtolomakkeita \u00b4pikkuluokan\u00b4 tietokonep\u00f6yd\u00e4ll\u00e4. J\u00e4senaskun voit tulostaa my\u00f6s <a href=\"https:\/\/drive.google.com\/file\/d\/15tB2YLoU4h-iv1WRkTlWw035TzlYNa4l\/view?usp=sharing\" data-type=\"link\" data-id=\"https:\/\/drive.google.com\/file\/d\/15tB2YLoU4h-iv1WRkTlWw035TzlYNa4l\/view?usp=sharing\">t\u00e4st\u00e4<\/a>. Voit kopioida virtuaaliviivakoodin pankkiohjelmaan 495500700400403560000200000000000000000000177001250408<\/p>\n\n\n\n<p><\/p>\n\n\n\n<p>Kyl\u00e4talon vuokranmaksulomakkeen (j\u00e4sen) saat tulostettua my\u00f6s <a href=\"https:\/\/drive.google.com\/file\/d\/1KI6eM-791r2JrInq3ZmmlA6s-PXmYA99\/view?usp=sharing\" data-type=\"link\" data-id=\"https:\/\/drive.google.com\/file\/d\/1KI6eM-791r2JrInq3ZmmlA6s-PXmYA99\/view?usp=sharing\">t\u00e4st\u00e4<\/a>. Virtuaaliviivakoodi pankkiohjelmaan 495500700400403560000800000000000000000000178000250408<\/p>\n\n\n\n<p><\/p>\n\n\n\n<p>Kyl\u00e4talon vuokranmaksulomakkeen (vieras) saat tulostettua my\u00f6s <a href=\"https:\/\/drive.google.com\/file\/d\/1tRXKl5qB6z2L8qq8igEfDr2ubiNM3GPF\/view?usp=sharing\" data-type=\"link\" data-id=\"https:\/\/drive.google.com\/file\/d\/1tRXKl5qB6z2L8qq8igEfDr2ubiNM3GPF\/view?usp=sharing\">t\u00e4st\u00e4<\/a>. Virtuaaliviivakoodi pankkiohjelmaan 495500700400403560001000000000000000000000179009250408<\/p>\n\n\n\n<p><\/p>\n\n\n\n<p>Kaluston vuokran maksulomakkeen saat tulostettua <a href=\"https:\/\/drive.google.com\/file\/d\/1biStJyXDrL1UoP30Gdz5U4r3Aea9zZLK\/view?usp=sharing\" data-type=\"link\" data-id=\"https:\/\/drive.google.com\/file\/d\/1biStJyXDrL1UoP30Gdz5U4r3Aea9zZLK\/view?usp=sharing\">t\u00e4st\u00e4<\/a>. Virtuaaliviivakoodi pankkiohjelmaan 495500700400403560000000000000000000000000180001250408<\/p>\n\n\n\n<p><\/p>\n\n\n\n<p>Lis\u00e4tietoja Juho Soukkala 0404175480 juho.soukkala@gmail.com<\/p>\n","protected":false},"excerpt":{"rendered":"<p>SEIN\u00c4J\u00c4RVEN KYL\u00c4YHDISTYS HINNASTO 2025 KYL\u00c4 \u20ac VIERAS \u20ac &nbsp; &nbsp; &nbsp; Kahvikalusto 10 20 Kahvikalusto + kahvinkeitin 15 25 Ruokakalusto 10 20 Ruokakalusto + kahvinkeitin 15 25 Metos kahvinkeitin 5 litraa 5 10 P\u00f6yt\u00e4liinat 2 + pesu pesulassa &nbsp; P\u00f6yd\u00e4t + penkit \/ kpl 0,50 &nbsp; Kaikki p\u00f6yt\u00e4 + penkit 10 &nbsp; Kaikki tuolit 10 [&hellip;]<\/p>\n","protected":false},"author":1,"featured_media":0,"parent":0,"menu_order":0,"comment_status":"closed","ping_status":"closed","template":"","meta":{"site-sidebar-layout":"default","site-content-layout":"","ast-site-content-layout":"default","site-content-style":"default","site-sidebar-style":"default","ast-global-header-display":"","ast-banner-title-visibility":"","ast-main-header-display":"","ast-hfb-above-header-display":"","ast-hfb-below-header-display":"","ast-hfb-mobile-header-display":"","site-post-title":"","ast-breadcrumbs-content":"","ast-featured-img":"","footer-sml-layout":"","ast-disable-related-posts":"","theme-transparent-header-meta":"","adv-header-id-meta":"","stick-header-meta":"","header-above-stick-meta":"","header-main-stick-meta":"","header-below-stick-meta":"","astra-migrate-meta-layouts":"set","ast-page-background-enabled":"default","ast-page-background-meta":{"desktop":{"background-color":"var(--ast-global-color-4)","background-image":"","background-repeat":"repeat","background-position":"center center","background-size":"auto","background-attachment":"scroll","background-type":"","background-media":"","overlay-type":"","overlay-color":"","overlay-opacity":"","overlay-gradient":""},"tablet":{"background-color":"","background-image":"","background-repeat":"repeat","background-position":"center center","background-size":"auto","background-attachment":"scroll","background-type":"","background-media":"","overlay-type":"","overlay-color":"","overlay-opacity":"","overlay-gradient":""},"mobile":{"background-color":"","background-image":"","background-repeat":"repeat","background-position":"center center","background-size":"auto","background-attachment":"scroll","background-type":"","background-media":"","overlay-type":"","overlay-color":"","overlay-opacity":"","overlay-gradient":""}},"ast-content-background-meta":{"desktop":{"background-color":"var(--ast-global-color-5)","background-image":"","background-repeat":"repeat","background-position":"center center","background-size":"auto","background-attachment":"scroll","background-type":"","background-media":"","overlay-type":"","overlay-color":"","overlay-opacity":"","overlay-gradient":""},"tablet":{"background-color":"var(--ast-global-color-5)","background-image":"","background-repeat":"repeat","background-position":"center center","background-size":"auto","background-attachment":"scroll","background-type":"","background-media":"","overlay-type":"","overlay-color":"","overlay-opacity":"","overlay-gradient":""},"mobile":{"background-color":"var(--ast-global-color-5)","background-image":"","background-repeat":"repeat","background-position":"center center","background-size":"auto","background-attachment":"scroll","background-type":"","background-media":"","overlay-type":"","overlay-color":"","overlay-opacity":"","overlay-gradient":""}},"footnotes":""},"class_list":["post-162","page","type-page","status-publish","hentry"],"_links":{"self":[{"href":"https:\/\/www.seinajarvi.fi\/index.php\/wp-json\/wp\/v2\/pages\/162","targetHints":{"allow":["GET"]}}],"collection":[{"href":"https:\/\/www.seinajarvi.fi\/index.php\/wp-json\/wp\/v2\/pages"}],"about":[{"href":"https:\/\/www.seinajarvi.fi\/index.php\/wp-json\/wp\/v2\/types\/page"}],"author":[{"embeddable":true,"href":"https:\/\/www.seinajarvi.fi\/index.php\/wp-json\/wp\/v2\/users\/1"}],"replies":[{"embeddable":true,"href":"https:\/\/www.seinajarvi.fi\/index.php\/wp-json\/wp\/v2\/comments?post=162"}],"version-history":[{"count":19,"href":"https:\/\/www.seinajarvi.fi\/index.php\/wp-json\/wp\/v2\/pages\/162\/revisions"}],"predecessor-version":[{"id":829,"href":"https:\/\/www.seinajarvi.fi\/index.php\/wp-json\/wp\/v2\/pages\/162\/revisions\/829"}],"wp:attachment":[{"href":"https:\/\/www.seinajarvi.fi\/index.php\/wp-json\/wp\/v2\/media?parent=162"}],"curies":[{"name":"wp","href":"https:\/\/api.w.org\/{rel}","templated":true}]}}